{"id":4361,"date":"2021-09-09T09:30:18","date_gmt":"2021-09-09T07:30:18","guid":{"rendered":"https:\/\/conferencesuiteprague.cz\/kontakt\/"},"modified":"2023-09-18T15:20:33","modified_gmt":"2023-09-18T13:20:33","slug":"kontakt","status":"publish","type":"page","link":"https:\/\/conferencesuiteprague.cz\/cs\/kontakt\/","title":{"rendered":"Kontakt"},"content":{"rendered":"\t\t<div data-elementor-type=\"wp-page\" data-elementor-id=\"4361\" class=\"elementor elementor-4361 elementor-724\" data-elementor-post-type=\"page\">\n\t\t\t\t\t\t<section class=\"elementor-section elementor-top-section elementor-element elementor-element-e6724ee qodef-elementor-content-grid elementor-section-boxed elementor-section-height-default elementor-section-height-default\" data-id=\"e6724ee\" data-element_type=\"section\">\n\t\t\t\t\t\t<div class=\"elementor-container elementor-column-gap-default\">\n\t\t\t\t\t<div class=\"elementor-column elementor-col-50 elementor-top-column elementor-element elementor-element-7ae7a61 qodef-sticky-column--no\" data-id=\"7ae7a61\" data-element_type=\"column\">\n\t\t\t<div class=\"elementor-widget-wrap elementor-element-populated\">\n\t\t\t\t\t\t<div class=\"elementor-element elementor-element-b3d5b5a elementor-widget__width-initial elementor-widget-tablet__width-inherit elementor-widget elementor-widget-qi_addons_for_elementor_section_title\" data-id=\"b3d5b5a\" data-element_type=\"widget\" data-widget_type=\"qi_addons_for_elementor_section_title.default\">\n\t\t\t\t<div class=\"elementor-widget-container\">\n\t\t\t\t\t<div class=\"qodef-shortcode qodef-m qodef-qi-section-title qodef-decoration--italic qodef-link--underline-draw qodef-subtitle-icon--right\">\n\t\t\t\t<h3 class=\"qodef-m-subtitle\">\n\t\tKontaktn\u00ed formul\u00e1\u0159\t\t\t<div class=\"qodef-m-icon-holder\">\n\t\t<svg xmlns=\"http:\/\/www.w3.org\/2000\/svg\" xmlns:xlink=\"http:\/\/www.w3.org\/1999\/xlink\" x=\"0px\" y=\"0px\" width=\"47px\" height=\"3.083px\" viewBox=\"504.786 357.837 47 3.083\" xml:space=\"preserve\"><line fill=\"none\" stroke=\"#D39364\" stroke-miterlimit=\"10\" x1=\"506.203\" y1=\"359.337\" x2=\"551.197\" y2=\"359.337\"><\/line><\/svg>\t<\/div>\n\t<\/h3>\n\t\t\t<h2 class=\"qodef-m-title\">\n\t\tM\u00e1te ot\u00e1zky? Napi\u0161te n\u00e1m\t<\/h2>\n\t\t\t<\/div>\n\t\t\t\t<\/div>\n\t\t\t\t<\/div>\n\t\t\t\t<div class=\"elementor-element elementor-element-4bcb7e6 elementor-widget__width-initial elementor-widget-tablet__width-inherit elementor-widget elementor-widget-qi_addons_for_elementor_contact_form_7\" data-id=\"4bcb7e6\" data-element_type=\"widget\" data-widget_type=\"qi_addons_for_elementor_contact_form_7.default\">\n\t\t\t\t<div class=\"elementor-widget-container\">\n\t\t\t\t\t<div class=\"qodef-shortcode qodef-m qodef-qi-contact-form-7\">\n\t\n<div class=\"wpcf7 no-js\" id=\"wpcf7-f4400-o1\" lang=\"cs-CZ\" dir=\"ltr\" data-wpcf7-id=\"4400\">\n<div class=\"screen-reader-response\"><p role=\"status\" aria-live=\"polite\" aria-atomic=\"true\"><\/p> <ul><\/ul><\/div>\n<form action=\"\/cs\/wp-json\/wp\/v2\/pages\/4361#wpcf7-f4400-o1\" method=\"post\" class=\"wpcf7-form init\" aria-label=\"Kontaktn\u00ed formul\u00e1\u0159\" novalidate=\"novalidate\" data-status=\"init\">\n<fieldset class=\"hidden-fields-container\"><input type=\"hidden\" name=\"_wpcf7\" value=\"4400\" \/><input type=\"hidden\" name=\"_wpcf7_version\" value=\"6.1.2\" \/><input type=\"hidden\" name=\"_wpcf7_locale\" value=\"cs_CZ\" \/><input type=\"hidden\" name=\"_wpcf7_unit_tag\" value=\"wpcf7-f4400-o1\" \/><input type=\"hidden\" name=\"_wpcf7_container_post\" value=\"0\" \/><input type=\"hidden\" name=\"_wpcf7_posted_data_hash\" value=\"\" \/>\n<\/fieldset>\n<span class=\"wpcf7-form-control-wrap\" data-name=\"message\"><input size=\"40\" maxlength=\"400\" class=\"wpcf7-form-control wpcf7-text wpcf7-validates-as-required\" aria-required=\"true\" aria-invalid=\"false\" placeholder=\"Zpr\u00e1va\" value=\"\" type=\"text\" name=\"message\" \/><\/span> \n\n    <span class=\"wpcf7-form-control-wrap\" data-name=\"your-name\"><input size=\"40\" maxlength=\"400\" class=\"wpcf7-form-control wpcf7-text wpcf7-validates-as-required\" aria-required=\"true\" aria-invalid=\"false\" placeholder=\"Va\u0161e jm\u00e9no\" value=\"\" type=\"text\" name=\"your-name\" \/><\/span> \n\n    <span class=\"wpcf7-form-control-wrap\" data-name=\"your-email\"><input size=\"40\" maxlength=\"400\" class=\"wpcf7-form-control wpcf7-email wpcf7-validates-as-required wpcf7-text wpcf7-validates-as-email\" aria-required=\"true\" aria-invalid=\"false\" placeholder=\"V\u00e1\u0161 email\" value=\"\" type=\"email\" name=\"your-email\" \/><\/span> \n\n<div style=\"text-align:left;\"><span class=\"wpcf7-form-control-wrap\" data-name=\"checkbox-758\"><span class=\"wpcf7-form-control wpcf7-checkbox wpcf7-exclusive-checkbox\"><span class=\"wpcf7-list-item first last\"><input type=\"checkbox\" name=\"checkbox-758\" value=\"Souhlas\u00edm s podm\u00ednkami a pravidly\" \/><span class=\"wpcf7-list-item-label\">Souhlas\u00edm s podm\u00ednkami a pravidly<\/span><\/span><\/span><\/span><\/div>\n\n\n<input class=\"wpcf7-form-control wpcf7-submit has-spinner\" type=\"submit\" value=\"send\" \/><div class=\"wpcf7-response-output\" aria-hidden=\"true\"><\/div>\n<\/form>\n<\/div>\n<\/div>\n\t\t\t\t<\/div>\n\t\t\t\t<\/div>\n\t\t\t\t\t<\/div>\n\t\t<\/div>\n\t\t\t\t<div class=\"elementor-column elementor-col-50 elementor-top-column elementor-element elementor-element-7deca6e qodef-sticky-column--no\" data-id=\"7deca6e\" data-element_type=\"column\">\n\t\t\t<div class=\"elementor-widget-wrap elementor-element-populated\">\n\t\t\t\t\t\t<div class=\"elementor-element elementor-element-aef91d8 elementor-widget__width-auto elementor-widget elementor-widget-qi_addons_for_elementor_parallax_images\" data-id=\"aef91d8\" data-element_type=\"widget\" data-widget_type=\"qi_addons_for_elementor_parallax_images.default\">\n\t\t\t\t<div class=\"elementor-widget-container\">\n\t\t\t\t\t<div class=\"qodef-shortcode qodef-m qodef-qi-parallax-images qodef-layout--default\">\n\t<div class=\"qodef-m-images\">\n\t\t<div class=\"qodef-e-main-image-holder\">\n\t\t\t<div class=\"qodef-e-main-image-zoom-holder\">\n\t\t\t\t\t\t\t\t\t<div class=\"qodef-e-main-image\" >\n\t\t\t\t\t\t<img fetchpriority=\"high\" decoding=\"async\" src=\"https:\/\/conferencesuiteprague.cz\/wp-content\/uploads\/2023\/07\/pokoj-2-1-580x740.webp\" alt=\"Conference Suite Prague bedroom\" width=\"580\" height=\"740\" \/>\t\t\t\t\t<\/div>\n\t\t\t\t\t\t\t<\/div>\n\t\t<\/div>\n\t\t\t\t\t\t\t\t\t\t\t\t\t<div class=\"qodef-e-parallax-image qodef-position--bottom-left elementor-repeater-item-364219a\" >\n\t\t\t\t\t\t\t\t\t<\/div>\n\t\t\t\t\t\t<\/div>\n<\/div>\n\t\t\t\t<\/div>\n\t\t\t\t<\/div>\n\t\t\t\t\t<\/div>\n\t\t<\/div>\n\t\t\t\t\t<\/div>\n\t\t<\/section>\n\t\t\t\t<section class=\"elementor-section elementor-top-section elementor-element elementor-element-ca31b20 qodef-elementor-content-grid elementor-section-boxed elementor-section-height-default elementor-section-height-default\" data-id=\"ca31b20\" data-element_type=\"section\">\n\t\t\t\t\t\t<div class=\"elementor-container elementor-column-gap-default\">\n\t\t\t\t\t<div class=\"elementor-column elementor-col-50 elementor-top-column elementor-element elementor-element-89e77a6 qodef-sticky-column--no\" data-id=\"89e77a6\" data-element_type=\"column\">\n\t\t\t<div class=\"elementor-widget-wrap elementor-element-populated\">\n\t\t\t\t\t\t<div class=\"elementor-element elementor-element-d403f9b elementor-widget__width-auto elementor-widget elementor-widget-qi_addons_for_elementor_parallax_images\" data-id=\"d403f9b\" data-element_type=\"widget\" data-widget_type=\"qi_addons_for_elementor_parallax_images.default\">\n\t\t\t\t<div class=\"elementor-widget-container\">\n\t\t\t\t\t<div class=\"qodef-shortcode qodef-m qodef-qi-parallax-images qodef-layout--default\">\n\t<div class=\"qodef-m-images\">\n\t\t<div class=\"qodef-e-main-image-holder\">\n\t\t\t<div class=\"qodef-e-main-image-zoom-holder\">\n\t\t\t\t\t\t\t\t\t<div class=\"qodef-e-main-image\" >\n\t\t\t\t\t\t<img decoding=\"async\" src=\"https:\/\/conferencesuiteprague.cz\/wp-content\/uploads\/2023\/07\/Hotel-Rott1-1-580x740.webp\" alt=\"Hotel Rott building\" width=\"580\" height=\"740\" \/>\t\t\t\t\t<\/div>\n\t\t\t\t\t\t\t<\/div>\n\t\t<\/div>\n\t\t\t\t\t\t\t\t\t\t\t\t\t<div class=\"qodef-e-parallax-image qodef-position--top-right elementor-repeater-item-6afb8e7\" >\n\t\t\t\t\t\t\t\t\t<\/div>\n\t\t\t\t\t\t<\/div>\n<\/div>\n\t\t\t\t<\/div>\n\t\t\t\t<\/div>\n\t\t\t\t\t<\/div>\n\t\t<\/div>\n\t\t\t\t<div class=\"elementor-column elementor-col-50 elementor-top-column elementor-element elementor-element-830e2f8 qodef-sticky-column--no\" data-id=\"830e2f8\" data-element_type=\"column\">\n\t\t\t<div class=\"elementor-widget-wrap elementor-element-populated\">\n\t\t\t\t\t\t<div class=\"elementor-element elementor-element-769671e elementor-widget__width-initial elementor-widget-tablet__width-inherit elementor-widget elementor-widget-qi_addons_for_elementor_section_title\" data-id=\"769671e\" data-element_type=\"widget\" data-widget_type=\"qi_addons_for_elementor_section_title.default\">\n\t\t\t\t<div class=\"elementor-widget-container\">\n\t\t\t\t\t<div class=\"qodef-shortcode qodef-m qodef-qi-section-title qodef-decoration--italic qodef-link--underline-draw qodef-subtitle-icon--right\">\n\t\t\t\t<h3 class=\"qodef-m-subtitle\">\n\t\tnajdete n\u00e1s\t\t\t<div class=\"qodef-m-icon-holder\">\n\t\t<svg xmlns=\"http:\/\/www.w3.org\/2000\/svg\" xmlns:xlink=\"http:\/\/www.w3.org\/1999\/xlink\" x=\"0px\" y=\"0px\" width=\"47px\" height=\"3.083px\" viewBox=\"504.786 357.837 47 3.083\" xml:space=\"preserve\"><line fill=\"none\" stroke=\"#D39364\" stroke-miterlimit=\"10\" x1=\"506.203\" y1=\"359.337\" x2=\"551.197\" y2=\"359.337\"><\/line><\/svg>\t<\/div>\n\t<\/h3>\n\t\t\t<h2 class=\"qodef-m-title\">\n\t\tKontaktujte n\u00e1s\t<\/h2>\n\t\t\t<\/div>\n\t\t\t\t<\/div>\n\t\t\t\t<\/div>\n\t\t\t\t<div class=\"elementor-element elementor-element-d65b489 elementor-widget__width-initial elementor-widget-tablet__width-inherit elementor-widget elementor-widget-text-editor\" data-id=\"d65b489\" data-element_type=\"widget\" data-widget_type=\"text-editor.default\">\n\t\t\t\t<div class=\"elementor-widget-container\">\n\t\t\t\t\t\t\t\t\t<h5><a href=\"https:\/\/www.google.com\/maps\/place\/Hotel+Rott\/@50.0868963,14.4166787,17z\/data=!4m20!1m10!3m9!1s0x470b94e929b25525:0x7af07c4783693bec!2sHotel+Rott!5m2!4m1!1i2!8m2!3d50.0868963!4d14.4192536!16s%2Fg%2F1pp2txwfz!3m8!1s0x470b94e929b25525:0x7af07c4783693bec!5m2!4m1!1i2!8m2!3d50.0868963!4d14.4192536!16s%2Fg%2F1pp2txwfz?entry=ttu\">Mal\u00e9 N\u00e1m\u011bst\u00ed 138\/4, 110 00 Star\u00e9 M\u011bsto<\/a><\/h5>\n\t\t\t\t\t\t\t\t<\/div>\n\t\t\t\t<\/div>\n\t\t\t\t<div class=\"elementor-element elementor-element-9084aa1 elementor-widget__width-initial elementor-widget-tablet__width-inherit elementor-widget elementor-widget-text-editor\" data-id=\"9084aa1\" data-element_type=\"widget\" data-widget_type=\"text-editor.default\">\n\t\t\t\t<div class=\"elementor-widget-container\">\n\t\t\t\t\t\t\t\t\t<h5><a class=\"qodef-qi-link--hover-underline\" href=\"mailto:info@hotelrott.cz\" target=\"_blank\" rel=\"noopener\">info@hotelrott.cz<\/a><\/h5>\n\t\t\t\t\t\t\t\t<\/div>\n\t\t\t\t<\/div>\n\t\t\t\t<div class=\"elementor-element elementor-element-a6d7037 elementor-widget__width-initial elementor-widget-tablet__width-inherit elementor-widget elementor-widget-text-editor\" data-id=\"a6d7037\" data-element_type=\"widget\" data-widget_type=\"text-editor.default\">\n\t\t\t\t<div class=\"elementor-widget-container\">\n\t\t\t\t\t\t\t\t\t<h5><a class=\"qodef-qi-link--hover-underline\" href=\"tel:\u202d+420739539281\u202c\" target=\"_blank\" rel=\"noopener\">\u202d+420 739 539 281<\/a><\/h5>\t\t\t\t\t\t\t\t<\/div>\n\t\t\t\t<\/div>\n\t\t\t\t\t<\/div>\n\t\t<\/div>\n\t\t\t\t\t<\/div>\n\t\t<\/section>\n\t\t\t\t<\/div>\n\t\t","protected":false},"excerpt":{"rendered":"<p>Kontaktn\u00ed formul\u00e1\u0159 M\u00e1te ot\u00e1zky? Napi\u0161te n\u00e1m I agree to the terms &amp; conditions najdete n\u00e1s Kontaktujte n\u00e1s Mal\u00e9 N\u00e1m\u011bst\u00ed 138\/4, 110 00 Star\u00e9 M\u011bsto info@hotelrott.cz \u202d+420 739 539 281<\/p>\n","protected":false},"author":1,"featured_media":0,"parent":0,"menu_order":0,"comment_status":"closed","ping_status":"closed","template":"qi-full-width.php","meta":{"footnotes":""},"class_list":["post-4361","page","type-page","status-publish","hentry"],"aioseo_notices":[],"_links":{"self":[{"href":"https:\/\/conferencesuiteprague.cz\/cs\/wp-json\/wp\/v2\/pages\/4361","targetHints":{"allow":["GET"]}}],"collection":[{"href":"https:\/\/conferencesuiteprague.cz\/cs\/wp-json\/wp\/v2\/pages"}],"about":[{"href":"https:\/\/conferencesuiteprague.cz\/cs\/wp-json\/wp\/v2\/types\/page"}],"author":[{"embeddable":true,"href":"https:\/\/conferencesuiteprague.cz\/cs\/wp-json\/wp\/v2\/users\/1"}],"replies":[{"embeddable":true,"href":"https:\/\/conferencesuiteprague.cz\/cs\/wp-json\/wp\/v2\/comments?post=4361"}],"version-history":[{"count":28,"href":"https:\/\/conferencesuiteprague.cz\/cs\/wp-json\/wp\/v2\/pages\/4361\/revisions"}],"predecessor-version":[{"id":4869,"href":"https:\/\/conferencesuiteprague.cz\/cs\/wp-json\/wp\/v2\/pages\/4361\/revisions\/4869"}],"wp:attachment":[{"href":"https:\/\/conferencesuiteprague.cz\/cs\/wp-json\/wp\/v2\/media?parent=4361"}],"curies":[{"name":"wp","href":"https:\/\/api.w.org\/{rel}","templated":true}]}}